{"id":7,"date":"2024-11-19T10:54:26","date_gmt":"2024-11-19T10:54:26","guid":{"rendered":"https:\/\/sztukanagalazke.pl\/index.php\/koszyk\/"},"modified":"2024-12-06T12:18:41","modified_gmt":"2024-12-06T12:18:41","slug":"koszyk","status":"publish","type":"page","link":"https:\/\/sztukanagalazke.pl\/index.php\/koszyk\/","title":{"rendered":"Koszyk"},"content":{"rendered":"\n<div data-block-name=\"woocommerce\/cart\" class=\"wp-block-woocommerce-cart alignwide is-loading\">\n<div data-block-name=\"woocommerce\/filled-cart-block\" class=\"wp-block-woocommerce-filled-cart-block\">\n<div data-block-name=\"woocommerce\/cart-items-block\" class=\"wp-block-woocommerce-cart-items-block\">\n<div data-block-name=\"woocommerce\/cart-line-items-block\" class=\"wp-block-woocommerce-cart-line-items-block\"><\/div>\n\n\n\n<div data-block-name=\"woocommerce\/cart-cross-sells-block\" class=\"wp-block-woocommerce-cart-cross-sells-block\">\n<h2 class=\"wp-block-heading has-large-font-size\">Zobacz inne r\u00f3wnie interesuj\u0105ce\u2026<\/h2>\n\n\n\n<div data-block-name=\"woocommerce\/cart-cross-sells-products-block\" class=\"wp-block-woocommerce-cart-cross-sells-products-block\"><\/div>\n<\/div>\n<\/div>\n\n\n\n<div data-block-name=\"woocommerce\/cart-totals-block\" class=\"wp-block-woocommerce-cart-totals-block\">\n<div data-block-name=\"woocommerce\/cart-order-summary-block\" class=\"wp-block-woocommerce-cart-order-summary-block\">\n<div data-block-name=\"woocommerce\/cart-order-summary-heading-block\" class=\"wp-block-woocommerce-cart-order-summary-heading-block\"><\/div><div data-block-name=\"woocommerce\/cart-order-summary-coupon-form-block\" class=\"wp-block-woocommerce-cart-order-summary-coupon-form-block\"><\/div><div data-block-name=\"woocommerce\/cart-order-summary-totals-block\" class=\"wp-block-woocommerce-cart-order-summary-totals-block\">\n<div data-block-name=\"woocommerce\/cart-order-summary-subtotal-block\" class=\"wp-block-woocommerce-cart-order-summary-subtotal-block\"><\/div>\n<div data-block-name=\"woocommerce\/cart-order-summary-discount-block\" class=\"wp-block-woocommerce-cart-order-summary-discount-block\"><\/div>\n<div data-block-name=\"woocommerce\/cart-order-summary-fee-block\" class=\"wp-block-woocommerce-cart-order-summary-fee-block\"><\/div>\n<div data-block-name=\"woocommerce\/cart-order-summary-shipping-block\" class=\"wp-block-woocommerce-cart-order-summary-shipping-block\"><\/div>\n<div data-block-name=\"woocommerce\/cart-order-summary-taxes-block\" class=\"wp-block-woocommerce-cart-order-summary-taxes-block\"><\/div><\/div>\n<\/div>\n\n\n\n<div data-block-name=\"woocommerce\/cart-express-payment-block\" class=\"wp-block-woocommerce-cart-express-payment-block\"><\/div>\n\n\n\n<div data-block-name=\"woocommerce\/proceed-to-checkout-block\" class=\"wp-block-woocommerce-proceed-to-checkout-block\"><\/div>\n\n\n\n<div data-block-name=\"woocommerce\/cart-accepted-payment-methods-block\" class=\"wp-block-woocommerce-cart-accepted-payment-methods-block\"><\/div>\n<\/div>\n<\/div>\n\n\n\n<div data-block-name=\"woocommerce\/empty-cart-block\" class=\"wp-block-woocommerce-empty-cart-block\">\n<h2 class=\"wp-block-heading has-text-align-center with-empty-cart-icon wc-block-cart__empty-cart__title\">Tw\u00f3j koszyk jest obecnie pusty!<\/h2>\n\n\n\n<hr class=\"wp-block-separator has-alpha-channel-opacity is-style-dots\"\/>\n\n\n\n<h2 class=\"wp-block-heading has-text-align-center\">Nowe w sklepie<\/h2>\n\n\n<div data-block-name=\"woocommerce\/product-new\" data-columns=\"4\" data-rows=\"1\" class=\"wc-block-grid wp-block-product-new wp-block-woocommerce-product-new wc-block-product-new has-4-columns\"><ul class=\"wc-block-grid__products\"><li class=\"wc-block-grid__product\">\n\t\t\t\t<a href=\"https:\/\/sztukanagalazke.pl\/index.php\/produkt\/zoladz-z-lisciem\/\" class=\"wc-block-grid__product-link\">\n\t\t\t\t\t\n\t\t\t\t\t<div class=\"wc-block-grid__product-image\"><img fetchpriority=\"high\" decoding=\"async\" width=\"300\" height=\"300\" src=\"https:\/\/sztukanagalazke.pl\/wp-content\/uploads\/2025\/12\/Zoledz-z-lisciem-300x300.jpg\" class=\"attachment-woocommerce_thumbnail size-woocommerce_thumbnail\" alt=\"\u017bo\u0142\u0105d\u017a z li\u015bciem\" srcset=\"https:\/\/sztukanagalazke.pl\/wp-content\/uploads\/2025\/12\/Zoledz-z-lisciem-300x300.jpg 300w, https:\/\/sztukanagalazke.pl\/wp-content\/uploads\/2025\/12\/Zoledz-z-lisciem-1024x1024.jpg 1024w, https:\/\/sztukanagalazke.pl\/wp-content\/uploads\/2025\/12\/Zoledz-z-lisciem-150x150.jpg 150w, https:\/\/sztukanagalazke.pl\/wp-content\/uploads\/2025\/12\/Zoledz-z-lisciem-768x768.jpg 768w, https:\/\/sztukanagalazke.pl\/wp-content\/uploads\/2025\/12\/Zoledz-z-lisciem-1536x1536.jpg 1536w, https:\/\/sztukanagalazke.pl\/wp-content\/uploads\/2025\/12\/Zoledz-z-lisciem-2048x2048.jpg 2048w, https:\/\/sztukanagalazke.pl\/wp-content\/uploads\/2025\/12\/Zoledz-z-lisciem-600x600.jpg 600w, https:\/\/sztukanagalazke.pl\/wp-content\/uploads\/2025\/12\/Zoledz-z-lisciem-100x100.jpg 100w\" sizes=\"(max-width: 300px) 100vw, 300px\" \/><\/div>\n\t\t\t\t\t<div class=\"wc-block-grid__product-title\">\u017bo\u0142\u0105d\u017a z li\u015bciem<\/div>\n\t\t\t\t<\/a>\n\t\t\t\t<div class=\"wc-block-grid__product-price price\"><span class=\"woocommerce-Price-amount amount\">50,00&nbsp;<span class=\"woocommerce-Price-currencySymbol\">&#122;&#322;<\/span><\/span><\/div>\n\t\t\t\t\n\t\t\t\t<div class=\"wp-block-button wc-block-grid__product-add-to-cart\"><a href=\"\/index.php\/wp-json\/wp\/v2\/pages\/7?add-to-cart=814\" aria-label=\"Add to cart: &ldquo;\u017bo\u0142\u0105d\u017a z li\u015bciem&rdquo;\" data-quantity=\"1\" data-product_id=\"814\" data-product_sku=\"\" data-price=\"50\" rel=\"nofollow\" class=\"wp-block-button__link  add_to_cart_button ajax_add_to_cart\">Add to cart<\/a><\/div>\n\t\t\t<\/li><li class=\"wc-block-grid__product\">\n\t\t\t\t<a href=\"https:\/\/sztukanagalazke.pl\/index.php\/produkt\/pani-biedronka-mala-forma\/\" class=\"wc-block-grid__product-link\">\n\t\t\t\t\t\n\t\t\t\t\t<div class=\"wc-block-grid__product-image\"><img decoding=\"async\" width=\"300\" height=\"300\" src=\"https:\/\/sztukanagalazke.pl\/wp-content\/uploads\/2025\/12\/Pani-Biedronka-mala-forma-300x300.jpg\" class=\"attachment-woocommerce_thumbnail size-woocommerce_thumbnail\" alt=\"Pani Biedronka ma\u0142a forma\" srcset=\"https:\/\/sztukanagalazke.pl\/wp-content\/uploads\/2025\/12\/Pani-Biedronka-mala-forma-300x300.jpg 300w, https:\/\/sztukanagalazke.pl\/wp-content\/uploads\/2025\/12\/Pani-Biedronka-mala-forma-1024x1024.jpg 1024w, https:\/\/sztukanagalazke.pl\/wp-content\/uploads\/2025\/12\/Pani-Biedronka-mala-forma-150x150.jpg 150w, https:\/\/sztukanagalazke.pl\/wp-content\/uploads\/2025\/12\/Pani-Biedronka-mala-forma-768x768.jpg 768w, https:\/\/sztukanagalazke.pl\/wp-content\/uploads\/2025\/12\/Pani-Biedronka-mala-forma-1536x1536.jpg 1536w, https:\/\/sztukanagalazke.pl\/wp-content\/uploads\/2025\/12\/Pani-Biedronka-mala-forma-2048x2048.jpg 2048w, https:\/\/sztukanagalazke.pl\/wp-content\/uploads\/2025\/12\/Pani-Biedronka-mala-forma-600x600.jpg 600w, https:\/\/sztukanagalazke.pl\/wp-content\/uploads\/2025\/12\/Pani-Biedronka-mala-forma-100x100.jpg 100w\" sizes=\"(max-width: 300px) 100vw, 300px\" \/><\/div>\n\t\t\t\t\t<div class=\"wc-block-grid__product-title\">Pani Biedronka ma\u0142a forma<\/div>\n\t\t\t\t<\/a>\n\t\t\t\t<div class=\"wc-block-grid__product-price price\"><span class=\"woocommerce-Price-amount amount\">20,00&nbsp;<span class=\"woocommerce-Price-currencySymbol\">&#122;&#322;<\/span><\/span><\/div>\n\t\t\t\t\n\t\t\t\t<div class=\"wp-block-button wc-block-grid__product-add-to-cart\"><a href=\"\/index.php\/wp-json\/wp\/v2\/pages\/7?add-to-cart=810\" aria-label=\"Add to cart: &ldquo;Pani Biedronka ma\u0142a forma&rdquo;\" data-quantity=\"1\" data-product_id=\"810\" data-product_sku=\"\" data-price=\"20\" rel=\"nofollow\" class=\"wp-block-button__link  add_to_cart_button ajax_add_to_cart\">Add to cart<\/a><\/div>\n\t\t\t<\/li><li class=\"wc-block-grid__product\">\n\t\t\t\t<a href=\"https:\/\/sztukanagalazke.pl\/index.php\/produkt\/mis-uszatek-fi-80\/\" class=\"wc-block-grid__product-link\">\n\t\t\t\t\t\n\t\t\t\t\t<div class=\"wc-block-grid__product-image\"><img decoding=\"async\" width=\"300\" height=\"300\" src=\"https:\/\/sztukanagalazke.pl\/wp-content\/uploads\/2025\/12\/Mis-Uszatek-fi80-1-300x300.jpg\" class=\"attachment-woocommerce_thumbnail size-woocommerce_thumbnail\" alt=\"Mi\u015b Uszatek fi 80\" srcset=\"https:\/\/sztukanagalazke.pl\/wp-content\/uploads\/2025\/12\/Mis-Uszatek-fi80-1-300x300.jpg 300w, https:\/\/sztukanagalazke.pl\/wp-content\/uploads\/2025\/12\/Mis-Uszatek-fi80-1-1024x1024.jpg 1024w, https:\/\/sztukanagalazke.pl\/wp-content\/uploads\/2025\/12\/Mis-Uszatek-fi80-1-150x150.jpg 150w, https:\/\/sztukanagalazke.pl\/wp-content\/uploads\/2025\/12\/Mis-Uszatek-fi80-1-768x768.jpg 768w, https:\/\/sztukanagalazke.pl\/wp-content\/uploads\/2025\/12\/Mis-Uszatek-fi80-1-1536x1536.jpg 1536w, https:\/\/sztukanagalazke.pl\/wp-content\/uploads\/2025\/12\/Mis-Uszatek-fi80-1-2048x2048.jpg 2048w, https:\/\/sztukanagalazke.pl\/wp-content\/uploads\/2025\/12\/Mis-Uszatek-fi80-1-600x600.jpg 600w, https:\/\/sztukanagalazke.pl\/wp-content\/uploads\/2025\/12\/Mis-Uszatek-fi80-1-100x100.jpg 100w\" sizes=\"(max-width: 300px) 100vw, 300px\" \/><\/div>\n\t\t\t\t\t<div class=\"wc-block-grid__product-title\">Mi\u015b Uszatek fi 80<\/div>\n\t\t\t\t<\/a>\n\t\t\t\t<div class=\"wc-block-grid__product-price price\"><span class=\"woocommerce-Price-amount amount\">40,00&nbsp;<span class=\"woocommerce-Price-currencySymbol\">&#122;&#322;<\/span><\/span><\/div>\n\t\t\t\t\n\t\t\t\t<div class=\"wp-block-button wc-block-grid__product-add-to-cart\"><a href=\"\/index.php\/wp-json\/wp\/v2\/pages\/7?add-to-cart=809\" aria-label=\"Add to cart: &ldquo;Mi\u015b Uszatek fi 80&rdquo;\" data-quantity=\"1\" data-product_id=\"809\" data-product_sku=\"\" data-price=\"40\" rel=\"nofollow\" class=\"wp-block-button__link  add_to_cart_button ajax_add_to_cart\">Add to cart<\/a><\/div>\n\t\t\t<\/li><li class=\"wc-block-grid__product\">\n\t\t\t\t<a href=\"https:\/\/sztukanagalazke.pl\/index.php\/produkt\/kubus-puchatek-duzy-2\/\" class=\"wc-block-grid__product-link\">\n\t\t\t\t\t\n\t\t\t\t\t<div class=\"wc-block-grid__product-image\"><img loading=\"lazy\" decoding=\"async\" width=\"300\" height=\"300\" src=\"https:\/\/sztukanagalazke.pl\/wp-content\/uploads\/2025\/12\/Kubus-Puchatek-duzy-1-300x300.jpg\" class=\"attachment-woocommerce_thumbnail size-woocommerce_thumbnail\" alt=\"Kubu\u015b Puchatek du\u017cy\" srcset=\"https:\/\/sztukanagalazke.pl\/wp-content\/uploads\/2025\/12\/Kubus-Puchatek-duzy-1-300x300.jpg 300w, https:\/\/sztukanagalazke.pl\/wp-content\/uploads\/2025\/12\/Kubus-Puchatek-duzy-1-1024x1024.jpg 1024w, https:\/\/sztukanagalazke.pl\/wp-content\/uploads\/2025\/12\/Kubus-Puchatek-duzy-1-150x150.jpg 150w, https:\/\/sztukanagalazke.pl\/wp-content\/uploads\/2025\/12\/Kubus-Puchatek-duzy-1-768x768.jpg 768w, https:\/\/sztukanagalazke.pl\/wp-content\/uploads\/2025\/12\/Kubus-Puchatek-duzy-1-1536x1536.jpg 1536w, https:\/\/sztukanagalazke.pl\/wp-content\/uploads\/2025\/12\/Kubus-Puchatek-duzy-1-2048x2048.jpg 2048w, https:\/\/sztukanagalazke.pl\/wp-content\/uploads\/2025\/12\/Kubus-Puchatek-duzy-1-600x600.jpg 600w, https:\/\/sztukanagalazke.pl\/wp-content\/uploads\/2025\/12\/Kubus-Puchatek-duzy-1-100x100.jpg 100w\" sizes=\"(max-width: 300px) 100vw, 300px\" \/><\/div>\n\t\t\t\t\t<div class=\"wc-block-grid__product-title\">Kubu\u015b Puchatek du\u017cy<\/div>\n\t\t\t\t<\/a>\n\t\t\t\t<div class=\"wc-block-grid__product-price price\"><span class=\"woocommerce-Price-amount amount\">65,00&nbsp;<span class=\"woocommerce-Price-currencySymbol\">&#122;&#322;<\/span><\/span><\/div>\n\t\t\t\t\n\t\t\t\t<div class=\"wp-block-button wc-block-grid__product-add-to-cart\"><a href=\"\/index.php\/wp-json\/wp\/v2\/pages\/7?add-to-cart=806\" aria-label=\"Add to cart: &ldquo;Kubu\u015b Puchatek du\u017cy&rdquo;\" data-quantity=\"1\" data-product_id=\"806\" data-product_sku=\"\" data-price=\"65\" rel=\"nofollow\" class=\"wp-block-button__link  add_to_cart_button ajax_add_to_cart\">Add to cart<\/a><\/div>\n\t\t\t<\/li><\/ul><\/div><\/div>\n<\/div>\n","protected":false},"excerpt":{"rendered":"","protected":false},"author":1,"featured_media":0,"parent":0,"menu_order":0,"comment_status":"closed","ping_status":"closed","template":"","meta":{"site-sidebar-layout":"default","site-content-layout":"","ast-site-content-layout":"normal-width-container","site-content-style":"boxed","site-sidebar-style":"default","ast-global-header-display":"","ast-banner-title-visibility":"","ast-main-header-display":"","ast-hfb-above-header-display":"","ast-hfb-below-header-display":"","ast-hfb-mobile-header-display":"","site-post-title":"","ast-breadcrumbs-content":"","ast-featured-img":"","footer-sml-layout":"","ast-disable-related-posts":"","theme-transparent-header-meta":"","adv-header-id-meta":"","stick-header-meta":"","header-above-stick-meta":"","header-main-stick-meta":"","header-below-stick-meta":"","astra-migrate-meta-layouts":"default","ast-page-background-enabled":"default","ast-page-background-meta":{"desktop":{"background-color":"var(--ast-global-color-4)","background-image":"","background-repeat":"repeat","background-position":"center center","background-size":"auto","background-attachment":"scroll","background-type":"","background-media":"","overlay-type":"","overlay-color":"","overlay-opacity":"","overlay-gradient":""},"tablet":{"background-color":"","background-image":"","background-repeat":"repeat","background-position":"center center","background-size":"auto","background-attachment":"scroll","background-type":"","background-media":"","overlay-type":"","overlay-color":"","overlay-opacity":"","overlay-gradient":""},"mobile":{"background-color":"","background-image":"","background-repeat":"repeat","background-position":"center center","background-size":"auto","background-attachment":"scroll","background-type":"","background-media":"","overlay-type":"","overlay-color":"","overlay-opacity":"","overlay-gradient":""}},"ast-content-background-meta":{"desktop":{"background-color":"var(--ast-global-color-5)","background-image":"","background-repeat":"repeat","background-position":"center center","background-size":"auto","background-attachment":"scroll","background-type":"","background-media":"","overlay-type":"","overlay-color":"","overlay-opacity":"","overlay-gradient":""},"tablet":{"background-color":"var(--ast-global-color-5)","background-image":"","background-repeat":"repeat","background-position":"center center","background-size":"auto","background-attachment":"scroll","background-type":"","background-media":"","overlay-type":"","overlay-color":"","overlay-opacity":"","overlay-gradient":""},"mobile":{"background-color":"var(--ast-global-color-5)","background-image":"","background-repeat":"repeat","background-position":"center center","background-size":"auto","background-attachment":"scroll","background-type":"","background-media":"","overlay-type":"","overlay-color":"","overlay-opacity":"","overlay-gradient":""}},"footnotes":""},"class_list":["post-7","page","type-page","status-publish","hentry"],"jetpack_sharing_enabled":true,"_links":{"self":[{"href":"https:\/\/sztukanagalazke.pl\/index.php\/wp-json\/wp\/v2\/pages\/7","targetHints":{"allow":["GET"]}}],"collection":[{"href":"https:\/\/sztukanagalazke.pl\/index.php\/wp-json\/wp\/v2\/pages"}],"about":[{"href":"https:\/\/sztukanagalazke.pl\/index.php\/wp-json\/wp\/v2\/types\/page"}],"author":[{"embeddable":true,"href":"https:\/\/sztukanagalazke.pl\/index.php\/wp-json\/wp\/v2\/users\/1"}],"replies":[{"embeddable":true,"href":"https:\/\/sztukanagalazke.pl\/index.php\/wp-json\/wp\/v2\/comments?post=7"}],"version-history":[{"count":2,"href":"https:\/\/sztukanagalazke.pl\/index.php\/wp-json\/wp\/v2\/pages\/7\/revisions"}],"predecessor-version":[{"id":148,"href":"https:\/\/sztukanagalazke.pl\/index.php\/wp-json\/wp\/v2\/pages\/7\/revisions\/148"}],"wp:attachment":[{"href":"https:\/\/sztukanagalazke.pl\/index.php\/wp-json\/wp\/v2\/media?parent=7"}],"curies":[{"name":"wp","href":"https:\/\/api.w.org\/{rel}","templated":true}]}}